{"id":96,"date":"2021-02-10T15:16:10","date_gmt":"2021-02-10T14:16:10","guid":{"rendered":"https:\/\/loony75.lima-city.de\/?page_id=96"},"modified":"2024-12-18T20:59:39","modified_gmt":"2024-12-18T19:59:39","slug":"spenden","status":"publish","type":"page","link":"https:\/\/www.respektiere.it\/it\/spenden\/","title":{"rendered":"Spenden"},"content":{"rendered":"<h2>Mit eurer Unterst\u00fctzung k\u00f6nnen wir Helfen&#8230;<\/h2>\n<h2>WARUM WIR AUF SPENDEN ANGEWIESEN SIND<\/h2>\n<p>RespekTiere EO finanziert seine T\u00e4tigkeit fast zur H\u00e4lfte aus Spendengeldern. Ohne diese wichtige finanzielle Unterst\u00fctzung w\u00e4re der ehrenamtliche Verein nicht in der Lage, all die Tiere zu versorgen, die auf Hilfe angewiesen sind.<\/p>\n<p>Wir ben\u00f6tigen Spenden, um unsere Projekte und Aktionen zu verwirklichen und schnelle Hilfe auf unb\u00fcrokratische Weise leisten zu k\u00f6nnen. Wenn du f\u00fcr uns spendest, unterst\u00fctzt du also direkt auch die Tiere.<\/p>\n<p>Egal ob gro\u00df oder klein, wir freuen uns \u00fcber jede Spende und bedanken uns bei jedem Einzelnen, der uns tatkr\u00e4ftig unterst\u00fctzt.<\/p>\n<p>\t\t\t<a href=\"https:\/\/www.paypal.com\/donate?hosted_button_id=428AB76LV436E\" target=\"_blank\" role=\"button\"><br \/>\n\t\t\t\t\t\tDirekt Spende<br \/>\n\t\t\t\t\t<\/a><\/p>\n<p><strong>\u00dcberweisung:<\/strong><\/p>\n<p>IBAN: IT 53 S 08234 58880 000300249602<\/p>\n<p>BIC: RZSBIT21014<\/p>\n<p>RespekTiere Meran EO \u2013 Tierschutzverein<\/p>\n<p>Obertall 69 \u2013 39017 Schenna<\/p>\n<p>StNr.: 91061680210<\/p>\n<p>IBAN: IT 53 S 08234 58880 000300249602<\/p>\n<p>BIC: RZSBIT21014<\/p>\n<p>info@respektiere.it<\/p>\n<p>Sandra: 3421652470<\/p>\n<p>Veronika: 338732169<\/p>\n<p><a href=\"https:\/\/loony75.lima-city.de\/spenden\/\">Spenden<\/a><\/p>\n<p><a href=\"https:\/\/loony75.lima-city.de\/sponsorwerden\/\">Sponsor werden<\/a><\/p>\n<p><a href=\"https:\/\/loony75.lima-city.de\/tipps-fuer-tierhalter\/\">Tipps f\u00fcr Tierhalter<\/a><\/p>\n<p><a href=\"https:\/\/loony75.lima-city.de\/datenschutzerklaerung\/\">Datenschutz<\/a><\/p>\n<p><a href=\"https:\/\/loony75.lima-city.de\/impressum\/\">Impressum<\/a><\/p>\n<p>\t\t\t\t\t<a target=\"_blank\"><br \/>\n\t\t\t\t\t\tFacebook<br \/>\n\t\t\t\t\t\t\t\t\t\t\t<\/a><\/p>\n","protected":false},"excerpt":{"rendered":"<p>Mit eurer Unterst\u00fctzung k\u00f6nnen wir Helfen&#8230; WARUM WIR AUF SPENDEN ANGEWIESEN SIND RespekTiere EO finanziert seine T\u00e4tigkeit fast zur H\u00e4lfte aus Spendengeldern. Ohne diese wichtige finanzielle Unterst\u00fctzung w\u00e4re der ehrenamtliche Verein nicht in der Lage, all die Tiere zu versorgen, die auf Hilfe angewiesen sind. Wir ben\u00f6tigen Spenden, um unsere Projekte und Aktionen zu verwirklichen [&hellip;]<\/p>\n","protected":false},"author":1,"featured_media":0,"parent":0,"menu_order":0,"comment_status":"closed","ping_status":"closed","template":"","meta":{"ocean_post_layout":"full-screen","ocean_both_sidebars_style":"","ocean_both_sidebars_content_width":0,"ocean_both_sidebars_sidebars_width":0,"ocean_sidebar":"0","ocean_second_sidebar":"0","ocean_disable_margins":"enable","ocean_add_body_class":"","ocean_shortcode_before_top_bar":"","ocean_shortcode_after_top_bar":"","ocean_shortcode_before_header":"","ocean_shortcode_after_header":"","ocean_has_shortcode":"","ocean_shortcode_after_title":"","ocean_shortcode_before_footer_widgets":"","ocean_shortcode_after_footer_widgets":"","ocean_shortcode_before_footer_bottom":"","ocean_shortcode_after_footer_bottom":"","ocean_display_top_bar":"off","ocean_display_header":"default","ocean_header_style":"","ocean_center_header_left_menu":"0","ocean_custom_header_template":"0","ocean_custom_logo":0,"ocean_custom_retina_logo":0,"ocean_custom_logo_max_width":0,"ocean_custom_logo_tablet_max_width":0,"ocean_custom_logo_mobile_max_width":0,"ocean_custom_logo_max_height":0,"ocean_custom_logo_tablet_max_height":0,"ocean_custom_logo_mobile_max_height":0,"ocean_header_custom_menu":"0","ocean_menu_typo_font_family":"0","ocean_menu_typo_font_subset":"","ocean_menu_typo_font_size":0,"ocean_menu_typo_font_size_tablet":0,"ocean_menu_typo_font_size_mobile":0,"ocean_menu_typo_font_size_unit":"px","ocean_menu_typo_font_weight":"","ocean_menu_typo_font_weight_tablet":"","ocean_menu_typo_font_weight_mobile":"","ocean_menu_typo_transform":"","ocean_menu_typo_transform_tablet":"","ocean_menu_typo_transform_mobile":"","ocean_menu_typo_line_height":0,"ocean_menu_typo_line_height_tablet":0,"ocean_menu_typo_line_height_mobile":0,"ocean_menu_typo_line_height_unit":"","ocean_menu_typo_spacing":0,"ocean_menu_typo_spacing_tablet":0,"ocean_menu_typo_spacing_mobile":0,"ocean_menu_typo_spacing_unit":"","ocean_menu_link_color":"","ocean_menu_link_color_hover":"","ocean_menu_link_color_active":"","ocean_menu_link_background":"","ocean_menu_link_hover_background":"","ocean_menu_link_active_background":"","ocean_menu_social_links_bg":"","ocean_menu_social_hover_links_bg":"","ocean_menu_social_links_color":"","ocean_menu_social_hover_links_color":"","ocean_disable_title":"on","ocean_disable_heading":"default","ocean_post_title":"","ocean_post_subheading":"","ocean_post_title_style":"","ocean_post_title_background_color":"","ocean_post_title_background":0,"ocean_post_title_bg_image_position":"","ocean_post_title_bg_image_attachment":"","ocean_post_title_bg_image_repeat":"","ocean_post_title_bg_image_size":"","ocean_post_title_height":0,"ocean_post_title_bg_overlay":0.5,"ocean_post_title_bg_overlay_color":"","ocean_disable_breadcrumbs":"default","ocean_breadcrumbs_color":"","ocean_breadcrumbs_separator_color":"","ocean_breadcrumbs_links_color":"","ocean_breadcrumbs_links_hover_color":"","ocean_display_footer_widgets":"off","ocean_display_footer_bottom":"off","ocean_custom_footer_template":"0","footnotes":""},"class_list":["post-96","page","type-page","status-publish","hentry","entry"],"translation":{"provider":"WPGlobus","version":"3.0.0","language":"it","enabled_languages":["de","it"],"languages":{"de":{"title":true,"content":true,"excerpt":false},"it":{"title":true,"content":true,"excerpt":false}}},"_links":{"self":[{"href":"https:\/\/www.respektiere.it\/it\/wp-json\/wp\/v2\/pages\/96","targetHints":{"allow":["GET"]}}],"collection":[{"href":"https:\/\/www.respektiere.it\/it\/wp-json\/wp\/v2\/pages"}],"about":[{"href":"https:\/\/www.respektiere.it\/it\/wp-json\/wp\/v2\/types\/page"}],"author":[{"embeddable":true,"href":"https:\/\/www.respektiere.it\/it\/wp-json\/wp\/v2\/users\/1"}],"replies":[{"embeddable":true,"href":"https:\/\/www.respektiere.it\/it\/wp-json\/wp\/v2\/comments?post=96"}],"version-history":[{"count":79,"href":"https:\/\/www.respektiere.it\/it\/wp-json\/wp\/v2\/pages\/96\/revisions"}],"predecessor-version":[{"id":887,"href":"https:\/\/www.respektiere.it\/it\/wp-json\/wp\/v2\/pages\/96\/revisions\/887"}],"wp:attachment":[{"href":"https:\/\/www.respektiere.it\/it\/wp-json\/wp\/v2\/media?parent=96"}],"curies":[{"name":"wp","href":"https:\/\/api.w.org\/{rel}","templated":true}]}}