{"id":414,"date":"2021-02-12T16:53:13","date_gmt":"2021-02-12T15:53:13","guid":{"rendered":"https:\/\/loony75.lima-city.de\/?page_id=414"},"modified":"2024-12-18T14:54:40","modified_gmt":"2024-12-18T13:54:40","slug":"taetigkeiten","status":"publish","type":"page","link":"https:\/\/www.respektiere.it\/it\/taetigkeiten\/","title":{"rendered":"T\u00e4tigkeiten"},"content":{"rendered":"\t\t<div data-elementor-type=\"wp-page\" data-elementor-id=\"414\" class=\"elementor elementor-414\">\n\t\t\t\t\t\t<section class=\"elementor-section elementor-top-section elementor-element elementor-element-6c143954 elementor-section-height-min-height elementor-section-boxed elementor-section-height-default elementor-section-items-middle elementor-invisible\" data-id=\"6c143954\" data-element_type=\"section\" data-settings=\"{&quot;background_background&quot;:&quot;classic&quot;,&quot;shape_divider_bottom&quot;:&quot;opacity-tilt&quot;,&quot;animation&quot;:&quot;fadeIn&quot;}\">\n\t\t\t\t\t<div class=\"elementor-shape elementor-shape-bottom\" data-negative=\"false\">\n\t\t\t<svg xmlns=\"http:\/\/www.w3.org\/2000\/svg\" viewBox=\"0 0 2600 131.1\" preserveAspectRatio=\"none\">\n\t<path class=\"elementor-shape-fill\" d=\"M0 0L2600 0 2600 69.1 0 0z\"\/>\n\t<path class=\"elementor-shape-fill\" style=\"opacity:0.5\" d=\"M0 0L2600 0 2600 69.1 0 69.1z\"\/>\n\t<path class=\"elementor-shape-fill\" style=\"opacity:0.25\" d=\"M2600 0L0 0 0 130.1 2600 69.1z\"\/>\n<\/svg>\t\t<\/div>\n\t\t\t\t\t<div class=\"elementor-container elementor-column-gap-default\">\n\t\t\t\t\t<div class=\"elementor-column elementor-col-100 elementor-top-column elementor-element elementor-element-16827028\" data-id=\"16827028\" data-element_type=\"column\">\n\t\t\t<div class=\"elementor-widget-wrap elementor-element-populated\">\n\t\t\t\t\t\t<div class=\"elementor-element elementor-element-2643701f elementor-widget elementor-widget-heading\" data-id=\"2643701f\" data-element_type=\"widget\" data-widget_type=\"heading.default\">\n\t\t\t\t<div class=\"elementor-widget-container\">\n\t\t\t\t\t<h2 class=\"elementor-heading-title elementor-size-medium\">T\u00e4tigkeiten<\/h2>\t\t\t\t<\/div>\n\t\t\t\t<\/div>\n\t\t\t\t\t<\/div>\n\t\t<\/div>\n\t\t\t\t\t<\/div>\n\t\t<\/section>\n\t\t\t\t<section class=\"elementor-section elementor-top-section elementor-element elementor-element-a5b6c40 elementor-section-boxed elementor-section-height-default elementor-section-height-default\" data-id=\"a5b6c40\" data-element_type=\"section\">\n\t\t\t\t\t\t<div class=\"elementor-container elementor-column-gap-default\">\n\t\t\t\t\t<div class=\"elementor-column elementor-col-100 elementor-top-column elementor-element elementor-element-e2c8e20\" data-id=\"e2c8e20\" data-element_type=\"column\">\n\t\t\t<div class=\"elementor-widget-wrap elementor-element-populated\">\n\t\t\t\t\t\t<div class=\"elementor-element elementor-element-4bcd327 elementor-widget elementor-widget-text-editor\" data-id=\"4bcd327\" data-element_type=\"widget\" data-widget_type=\"text-editor.default\">\n\t\t\t\t<div class=\"elementor-widget-container\">\n\t\t\t\t\t\t\t\t\t<p><strong>Sensibilisieren<\/strong><\/p><p><strong><em>GEMEINSAM TIEREN HELFEN<\/em><\/strong><\/p><p>Eine warme, trockene Unterkunft, tierschutzgerechte Versorgung sowie liebevolle Zuwendung \u2013 f\u00fcr, verwahrloste, kranke, alte oder ganz junge Fund- und Abgabetiere sind Tierschutzvereine, wie unserer, h\u00e4ufig die einzige Rettung.<\/p><p>F\u00fcr uns sind Tiere f\u00fchlende Wesen, die \u00e4hnlich dem Menschen Freude, Leid und Schmerzen empfinden. Der Antrieb f\u00fcr unsere t\u00e4gliche Arbeit ist es, notleidende Tiere aufzunehmen, sie zu sch\u00fctzen, zu pflegen und ihnen ein Zuhause zu vermitteln. Dar\u00fcber hinaus haben wir uns der Aufgabe verschrieben, so viele Menschen wie m\u00f6glich f\u00fcr den Tierschutz zu sensibilisieren und durch Aufkl\u00e4rungsarbeit und Hilfestellung das Leben der Tiere zu verbessern.<\/p><p>Auch die Kastration bei Hunden, Katzen und Kleintieren ist unserem Verein \u201eRespekTiere Meran EO \u201e ein wichtiges Anliegen.<\/p><p>\u00a0<\/p><p><em><strong>TIERE VERMITTELN<\/strong><\/em><\/p><p>Wer ein Tier aus dem Tierschutz holt, \u00fcbernimmt eine gro\u00dfe Verantwortung f\u00fcr ein Wesen.<\/p><p>Habe ich genug Zeit und Geduld f\u00fcr mein neues Familienmitglied und werfe nicht gleich die Flinte ins Korn, auch wenn nicht alles sofort perfekt l\u00e4uft? Jedes gute Team braucht Zeit, um zusammenzuwachsen, und ein harmonisches, f\u00fcr\u00a0 a l l e\u00a0 Beteiligten entspanntes\u00a0 Miteinander\u00a0 muss erarbeitet werden.<\/p><p>Bin ich mir bewusst, dass so ein Vierbeiner eventuell auch mal was kaputt macht, Haare verliert, bei Schmuddelwetter unbeschreiblichen Dreck ins Haus bringen kann, dass er &#8211; jedenfalls wenn er ein Hund ist &#8211; wirklich\u00a0 t \u00e4 g l i c h\u00a0 spazieren gehen m\u00f6chte und die Unterbringung im Urlaub, wenn Sie ihn nicht mitnehmen m\u00f6chten,\u00a0 unter Umst\u00e4nden zum Problem wird?<\/p><p>Sollte Ihr Tier krank werden, kann das leider ganz schnell\u00a0 s e h r\u00a0 teuer werden \u2013 auch dar\u00fcber sollten Sie sich klar sein.<\/p><p>Und noch zum Schluss: Je nachdem, wie alt Ihr Vierbeiner bei der Adoption war, \u00fcbernehmen Sie eine Verantwortung f\u00fcr viele Jahre.\u00a0 Ihr\u00a0 T i e r\u00a0 w\u00fcrde Sie nicht im Stich lassen \u2013 machen Sie sich bitte klar, dass Sie ihm mit einer Trennung erst mal das Herz brechen werden.<\/p><p>Auch Ihr Hund oder Ihre Katze werden nicht so jung und h\u00fcbsch bleiben \u2013 k\u00f6nnen Sie ein Tier auch dann noch gern haben, wenn es alt und gebrechlich ist?<\/p><p>Unsere Tiere stammen aus den unterschiedlichsten Verh\u00e4ltnissen. Bei Fundtieren wissen wir nat\u00fcrlich nicht, wie sie untergebracht waren und behandelt wurden.<\/p><p>Katzen wird mitunter eine Vermittlung mit Freigang einer Vermittlung in eine reine Wohnungshaltung vorgezogen. Freig\u00e4ngerkatzen werden nur dorthin vermittelt, wo sie auch nach drau\u00dfen k\u00f6nnen. Wohnungskatzen sollten nicht alleine im Haushalt gehalten werden, da sie sich langweilen und es zu ungewollten Verhaltensauff\u00e4lligkeiten kommen kann.<\/p><p>\u00a0<\/p><p><strong><em>Tierschutz<\/em><\/strong><\/p><p>Zum Tierschutz geh\u00f6ren eine Reihe von Projekten. So betreut der Verein RespekTiere Meran EO zahlreiche Katzenkolonien, mit circa 200 freilebenden Katzen . Wir leistet Aufkl\u00e4rungsarbeit, damit sich am Bewusstsein f\u00fcr den richtigen Umgang mit Haustieren und Nutztieren etwas \u00e4ndert.<\/p><p>Leider kommt es auch immer wieder vor, dass Tierfreunde ausgesetzte Katzenbabys und verwaiste Wildtiere finden. Der Verein rettet diese Tiere vor dem sicheren Tod und p\u00e4ppelt sie wieder auf.<br \/>Wildtiere kommen sobald sie gro\u00dfgezogen oder gesund gepflegt wurden wieder zur\u00fcck in die freie Natur, alle anderen Tiere sind dann bereit in ihr neues Zuhause zu ziehen und werden vom Verein auf der Website oder auf der Facebookseite in liebevolle H\u00e4nde vermittelt.<\/p><p>\u00a0<\/p>\t\t\t\t\t\t\t\t<\/div>\n\t\t\t\t<\/div>\n\t\t\t\t\t<\/div>\n\t\t<\/div>\n\t\t\t\t\t<\/div>\n\t\t<\/section>\n\t\t\t\t<section class=\"elementor-section elementor-top-section elementor-element elementor-element-266d8481 elementor-section-boxed elementor-section-height-default elementor-section-height-default\" data-id=\"266d8481\" data-element_type=\"section\" data-settings=\"{&quot;background_background&quot;:&quot;classic&quot;}\">\n\t\t\t\t\t\t<div class=\"elementor-container elementor-column-gap-default\">\n\t\t\t\t\t<div class=\"elementor-column elementor-col-33 elementor-top-column elementor-element elementor-element-6fb76d3e\" data-id=\"6fb76d3e\" data-element_type=\"column\">\n\t\t\t<div class=\"elementor-widget-wrap elementor-element-populated\">\n\t\t\t\t\t\t<div class=\"elementor-element elementor-element-11d60c51 elementor-widget elementor-widget-text-editor\" data-id=\"11d60c51\" data-element_type=\"widget\" data-widget_type=\"text-editor.default\">\n\t\t\t\t<div class=\"elementor-widget-container\">\n\t\t\t\t\t\t\t\t\t<p>RespekTiere Meran EO \u2013 Tierschutzverein<\/p><p>Obertall 69 \u2013 39017 Schenna<\/p><p>StNr.: 91061680210<\/p><p>IBAN: IT 53 S 08234 58880 000300249602<\/p><p>BIC: RZSBIT21014<\/p><p>respektiere.meran@gmail.com<\/p><p>Sandra: 3421652470<\/p><p>Veronika: 3387321698<\/p>\t\t\t\t\t\t\t\t<\/div>\n\t\t\t\t<\/div>\n\t\t\t\t\t<\/div>\n\t\t<\/div>\n\t\t\t\t<div class=\"elementor-column elementor-col-33 elementor-top-column elementor-element elementor-element-22989d2b\" data-id=\"22989d2b\" data-element_type=\"column\">\n\t\t\t<div class=\"elementor-widget-wrap elementor-element-populated\">\n\t\t\t\t\t\t<div class=\"elementor-element elementor-element-7f9d77f1 elementor-widget elementor-widget-text-editor\" data-id=\"7f9d77f1\" data-element_type=\"widget\" data-widget_type=\"text-editor.default\">\n\t\t\t\t<div class=\"elementor-widget-container\">\n\t\t\t\t\t\t\t\t\t<p><a href=\"https:\/\/loony75.lima-city.de\/spenden\/\">Spenden<\/a><\/p><p><a href=\"https:\/\/loony75.lima-city.de\/sponsorwerden\/\">Sponsor werden<\/a><\/p><p><a href=\"https:\/\/loony75.lima-city.de\/tipps-fuer-tierhalter\/\">Tipps f\u00fcr Tierhalter<\/a><\/p><p><a href=\"https:\/\/loony75.lima-city.de\/datenschutzerklaerung\/\">Datenschutz<\/a><\/p><p><a href=\"https:\/\/loony75.lima-city.de\/impressum\/\">Impressum<\/a><\/p>\t\t\t\t\t\t\t\t<\/div>\n\t\t\t\t<\/div>\n\t\t\t\t\t<\/div>\n\t\t<\/div>\n\t\t\t\t<div class=\"elementor-column elementor-col-33 elementor-top-column elementor-element elementor-element-5dcaaa8d\" data-id=\"5dcaaa8d\" data-element_type=\"column\">\n\t\t\t<div class=\"elementor-widget-wrap elementor-element-populated\">\n\t\t\t\t\t\t<div class=\"elementor-element elementor-element-651e3549 elementor-shape-rounded elementor-grid-0 e-grid-align-center elementor-widget elementor-widget-social-icons\" data-id=\"651e3549\" data-element_type=\"widget\" data-widget_type=\"social-icons.default\">\n\t\t\t\t<div class=\"elementor-widget-container\">\n\t\t\t\t\t\t\t<div class=\"elementor-social-icons-wrapper elementor-grid\">\n\t\t\t\t\t\t\t<span class=\"elementor-grid-item\">\n\t\t\t\t\t<a class=\"elementor-icon elementor-social-icon elementor-social-icon-facebook elementor-repeater-item-5ac1f61\" target=\"_blank\">\n\t\t\t\t\t\t<span class=\"elementor-screen-only\">Facebook<\/span>\n\t\t\t\t\t\t<i class=\"fab fa-facebook\"><\/i>\t\t\t\t\t<\/a>\n\t\t\t\t<\/span>\n\t\t\t\t\t<\/div>\n\t\t\t\t\t\t<\/div>\n\t\t\t\t<\/div>\n\t\t\t\t\t<\/div>\n\t\t<\/div>\n\t\t\t\t\t<\/div>\n\t\t<\/section>\n\t\t\t\t<\/div>\n\t\t","protected":false},"excerpt":{"rendered":"<p>T\u00e4tigkeiten Sensibilisieren GEMEINSAM TIEREN HELFEN Eine warme, trockene Unterkunft, tierschutzgerechte Versorgung sowie liebevolle Zuwendung \u2013 f\u00fcr, verwahrloste, kranke, alte oder ganz junge Fund- und Abgabetiere sind Tierschutzvereine, wie unserer, h\u00e4ufig die einzige Rettung. F\u00fcr uns sind Tiere f\u00fchlende Wesen, die \u00e4hnlich dem Menschen Freude, Leid und Schmerzen empfinden. Der Antrieb f\u00fcr unsere t\u00e4gliche Arbeit ist [&hellip;]<\/p>\n","protected":false},"author":1,"featured_media":0,"parent":0,"menu_order":0,"comment_status":"closed","ping_status":"closed","template":"","meta":{"ocean_post_layout":"full-screen","ocean_both_sidebars_style":"","ocean_both_sidebars_content_width":0,"ocean_both_sidebars_sidebars_width":0,"ocean_sidebar":"0","ocean_second_sidebar":"0","ocean_disable_margins":"enable","ocean_add_body_class":"","ocean_shortcode_before_top_bar":"","ocean_shortcode_after_top_bar":"","ocean_shortcode_before_header":"","ocean_shortcode_after_header":"","ocean_has_shortcode":"","ocean_shortcode_after_title":"","ocean_shortcode_before_footer_widgets":"","ocean_shortcode_after_footer_widgets":"","ocean_shortcode_before_footer_bottom":"","ocean_shortcode_after_footer_bottom":"","ocean_display_top_bar":"off","ocean_display_header":"default","ocean_header_style":"","ocean_center_header_left_menu":"0","ocean_custom_header_template":"0","ocean_custom_logo":0,"ocean_custom_retina_logo":0,"ocean_custom_logo_max_width":0,"ocean_custom_logo_tablet_max_width":0,"ocean_custom_logo_mobile_max_width":0,"ocean_custom_logo_max_height":0,"ocean_custom_logo_tablet_max_height":0,"ocean_custom_logo_mobile_max_height":0,"ocean_header_custom_menu":"0","ocean_menu_typo_font_family":"0","ocean_menu_typo_font_subset":"","ocean_menu_typo_font_size":0,"ocean_menu_typo_font_size_tablet":0,"ocean_menu_typo_font_size_mobile":0,"ocean_menu_typo_font_size_unit":"px","ocean_menu_typo_font_weight":"","ocean_menu_typo_font_weight_tablet":"","ocean_menu_typo_font_weight_mobile":"","ocean_menu_typo_transform":"","ocean_menu_typo_transform_tablet":"","ocean_menu_typo_transform_mobile":"","ocean_menu_typo_line_height":0,"ocean_menu_typo_line_height_tablet":0,"ocean_menu_typo_line_height_mobile":0,"ocean_menu_typo_line_height_unit":"","ocean_menu_typo_spacing":0,"ocean_menu_typo_spacing_tablet":0,"ocean_menu_typo_spacing_mobile":0,"ocean_menu_typo_spacing_unit":"","ocean_menu_link_color":"","ocean_menu_link_color_hover":"","ocean_menu_link_color_active":"","ocean_menu_link_background":"","ocean_menu_link_hover_background":"","ocean_menu_link_active_background":"","ocean_menu_social_links_bg":"","ocean_menu_social_hover_links_bg":"","ocean_menu_social_links_color":"","ocean_menu_social_hover_links_color":"","ocean_disable_title":"on","ocean_disable_heading":"default","ocean_post_title":"","ocean_post_subheading":"","ocean_post_title_style":"","ocean_post_title_background_color":"","ocean_post_title_background":0,"ocean_post_title_bg_image_position":"","ocean_post_title_bg_image_attachment":"","ocean_post_title_bg_image_repeat":"","ocean_post_title_bg_image_size":"","ocean_post_title_height":0,"ocean_post_title_bg_overlay":0.5,"ocean_post_title_bg_overlay_color":"","ocean_disable_breadcrumbs":"default","ocean_breadcrumbs_color":"","ocean_breadcrumbs_separator_color":"","ocean_breadcrumbs_links_color":"","ocean_breadcrumbs_links_hover_color":"","ocean_display_footer_widgets":"off","ocean_display_footer_bottom":"off","ocean_custom_footer_template":"0","footnotes":""},"class_list":["post-414","page","type-page","status-publish","hentry","entry"],"translation":{"provider":"WPGlobus","version":"3.0.0","language":"it","enabled_languages":["de","it"],"languages":{"de":{"title":true,"content":true,"excerpt":false},"it":{"title":false,"content":false,"excerpt":false}}},"_links":{"self":[{"href":"https:\/\/www.respektiere.it\/it\/wp-json\/wp\/v2\/pages\/414","targetHints":{"allow":["GET"]}}],"collection":[{"href":"https:\/\/www.respektiere.it\/it\/wp-json\/wp\/v2\/pages"}],"about":[{"href":"https:\/\/www.respektiere.it\/it\/wp-json\/wp\/v2\/types\/page"}],"author":[{"embeddable":true,"href":"https:\/\/www.respektiere.it\/it\/wp-json\/wp\/v2\/users\/1"}],"replies":[{"embeddable":true,"href":"https:\/\/www.respektiere.it\/it\/wp-json\/wp\/v2\/comments?post=414"}],"version-history":[{"count":13,"href":"https:\/\/www.respektiere.it\/it\/wp-json\/wp\/v2\/pages\/414\/revisions"}],"predecessor-version":[{"id":784,"href":"https:\/\/www.respektiere.it\/it\/wp-json\/wp\/v2\/pages\/414\/revisions\/784"}],"wp:attachment":[{"href":"https:\/\/www.respektiere.it\/it\/wp-json\/wp\/v2\/media?parent=414"}],"curies":[{"name":"wp","href":"https:\/\/api.w.org\/{rel}","templated":true}]}}