{"id":393,"date":"2021-02-12T15:35:58","date_gmt":"2021-02-12T14:35:58","guid":{"rendered":"https:\/\/loony75.lima-city.de\/?page_id=393"},"modified":"2024-12-18T15:07:37","modified_gmt":"2024-12-18T14:07:37","slug":"pflegestellen","status":"publish","type":"page","link":"https:\/\/www.respektiere.it\/it\/pflegestellen\/","title":{"rendered":"Pflegestellen"},"content":{"rendered":"\t\t<div data-elementor-type=\"wp-page\" data-elementor-id=\"393\" class=\"elementor elementor-393\">\n\t\t\t\t\t\t<section class=\"elementor-section elementor-top-section elementor-element elementor-element-542de92 elementor-section-height-min-height elementor-section-boxed elementor-section-height-default elementor-section-items-middle elementor-invisible\" data-id=\"542de92\" data-element_type=\"section\" data-settings=\"{&quot;background_background&quot;:&quot;slideshow&quot;,&quot;shape_divider_bottom&quot;:&quot;opacity-tilt&quot;,&quot;animation&quot;:&quot;fadeIn&quot;,&quot;background_slideshow_gallery&quot;:[{&quot;id&quot;:407,&quot;url&quot;:&quot;https:\\\/\\\/www.respektiere.it\\\/wp-content\\\/uploads\\\/2021\\\/02\\\/hulki-okan-tabak-JQN2JMdq3Yo-unsplash-scaled.jpg&quot;},{&quot;id&quot;:400,&quot;url&quot;:&quot;https:\\\/\\\/www.respektiere.it\\\/wp-content\\\/uploads\\\/2021\\\/02\\\/aditya-joshi-BHKUCWK3HKU-unsplash-1-scaled.jpg&quot;},{&quot;id&quot;:401,&quot;url&quot;:&quot;https:\\\/\\\/www.respektiere.it\\\/wp-content\\\/uploads\\\/2021\\\/02\\\/bekky-bekks-e_lUvbU7Joo-unsplash-scaled.jpg&quot;},{&quot;id&quot;:402,&quot;url&quot;:&quot;https:\\\/\\\/www.respektiere.it\\\/wp-content\\\/uploads\\\/2021\\\/02\\\/james-lacy-xe_MtM-ixlw-unsplash-1-scaled.jpg&quot;},{&quot;id&quot;:403,&quot;url&quot;:&quot;https:\\\/\\\/www.respektiere.it\\\/wp-content\\\/uploads\\\/2021\\\/02\\\/ricky-kharawala-adK3Vu70DEQ-unsplash-scaled.jpg&quot;}],&quot;background_slideshow_ken_burns&quot;:&quot;yes&quot;,&quot;background_slideshow_loop&quot;:&quot;yes&quot;,&quot;background_slideshow_slide_duration&quot;:5000,&quot;background_slideshow_slide_transition&quot;:&quot;fade&quot;,&quot;background_slideshow_transition_duration&quot;:500,&quot;background_slideshow_ken_burns_zoom_direction&quot;:&quot;in&quot;}\">\n\t\t\t\t\t<div class=\"elementor-shape elementor-shape-bottom\" data-negative=\"false\">\n\t\t\t<svg xmlns=\"http:\/\/www.w3.org\/2000\/svg\" viewBox=\"0 0 2600 131.1\" preserveAspectRatio=\"none\">\n\t<path class=\"elementor-shape-fill\" d=\"M0 0L2600 0 2600 69.1 0 0z\"\/>\n\t<path class=\"elementor-shape-fill\" style=\"opacity:0.5\" d=\"M0 0L2600 0 2600 69.1 0 69.1z\"\/>\n\t<path class=\"elementor-shape-fill\" style=\"opacity:0.25\" d=\"M2600 0L0 0 0 130.1 2600 69.1z\"\/>\n<\/svg>\t\t<\/div>\n\t\t\t\t\t<div class=\"elementor-container elementor-column-gap-default\">\n\t\t\t\t\t<div class=\"elementor-column elementor-col-100 elementor-top-column elementor-element elementor-element-76872792\" data-id=\"76872792\" data-element_type=\"column\">\n\t\t\t<div class=\"elementor-widget-wrap elementor-element-populated\">\n\t\t\t\t\t\t<div class=\"elementor-element elementor-element-82f582f elementor-widget elementor-widget-heading\" data-id=\"82f582f\" data-element_type=\"widget\" data-widget_type=\"heading.default\">\n\t\t\t\t<div class=\"elementor-widget-container\">\n\t\t\t\t\t<h2 class=\"elementor-heading-title elementor-size-medium\">DOSEN\u00d6FFNER AUF ZEIT GESUCHT...<\/h2>\t\t\t\t<\/div>\n\t\t\t\t<\/div>\n\t\t\t\t\t<\/div>\n\t\t<\/div>\n\t\t\t\t\t<\/div>\n\t\t<\/section>\n\t\t\t\t<section class=\"elementor-section elementor-top-section elementor-element elementor-element-5342683 elementor-section-boxed elementor-section-height-default elementor-section-height-default\" data-id=\"5342683\" data-element_type=\"section\">\n\t\t\t\t\t\t<div class=\"elementor-container elementor-column-gap-default\">\n\t\t\t\t\t<div class=\"elementor-column elementor-col-100 elementor-top-column elementor-element elementor-element-e0ec441\" data-id=\"e0ec441\" data-element_type=\"column\">\n\t\t\t<div class=\"elementor-widget-wrap elementor-element-populated\">\n\t\t\t\t\t\t<div class=\"elementor-element elementor-element-604d115 elementor-widget elementor-widget-heading\" data-id=\"604d115\" data-element_type=\"widget\" data-widget_type=\"heading.default\">\n\t\t\t\t<div class=\"elementor-widget-container\">\n\t\t\t\t\t<h2 class=\"elementor-heading-title elementor-size-default\">...WIE FUNKTIONIERT EINE \"PFLEGESTELLE\"<\/h2>\t\t\t\t<\/div>\n\t\t\t\t<\/div>\n\t\t\t\t<div class=\"elementor-element elementor-element-5488e0b elementor-widget elementor-widget-text-editor\" data-id=\"5488e0b\" data-element_type=\"widget\" data-widget_type=\"text-editor.default\">\n\t\t\t\t<div class=\"elementor-widget-container\">\n\t\t\t\t\t\t\t\t\t<p><strong>Pflegestellen &#8211; schenken Sie ein Zuhause auf Zeit<\/strong><\/p><p>Aufgrund der enormen (und leider kontinuierlich weiter steigenden) Anzahl an Katzen, die unserer Hilfe bed\u00fcrfen und sich bei uns befinden, suchen wir st\u00e4ndig Pflegestellen. Wie das genau funktioniert, was das bedeutet und warum das f\u00fcr alle Beteiligten eine gute Sache ist, m\u00f6chten wir hier erkl\u00e4ren.<\/p><p>In Pflegestellen werden meist Katzen untergebracht, die schnell ein Zuhause brauchen, krank sind, Pflege ben\u00f6tigen oder erst wieder Vertrauen zu Menschen fassen m\u00fcssen. Sie nehmen eine in Not geratene Katze auf und geben ihr bis zur endg\u00fcltigen Vermittlung ein vor\u00fcbergehendes Zuhause. Sie retten ihr so das Leben und helfen ihr, ihre Vergangenheit schneller zu \u00fcberwinden. Eine wichtige Tierschutzarbeit, auf die wir angewiesen sind. <br \/>Es ist nie vorhersehbar, wie schnell ein Tier vermittelt werden kann. H\u00e4ufig werden schon nach kurzer Zeit Interessenten ausgemacht, manchmal kann es aber auch mehrere Wochen oder Monate dauern, bis das Tier endg\u00fcltig vermittelt ist. Alles das sollte man einplanen, wenn man sich als Pflegestelle zur Verf\u00fcgung stellen will.<\/p><p>Die Tiere sind zum Zeitpunkt des Einfangens auch nicht geimpft und k\u00f6nnen noch Fl\u00f6he und W\u00fcrmer mitbringen &#8211; sie kommen schlie\u00dflich direkt von der Stra\u00dfe, aus Dreck, K\u00e4lte und Elend!<br \/>Als Pflegestelle seid IHR unsere Auffangstation; die erste Anlaufstelle f\u00fcr solche Tiere, die sonst auf der Stra\u00dfe dahinvegetieren m\u00fcssen. Dies ist eine gro\u00dfe Aufgabe, aber auch eine tolle Chance, das Leben dieser Gesch\u00f6pfe nachhaltig zu verbessern.<br \/>Selbstverst\u00e4ndlich k\u00f6nnt ihr auch mehrere Gastkatzen gleichzeitig beherbergen. Babykatzenw\u00fcrfe m\u00fcssen immer vorerst zusammen bleiben d\u00fcrfen &#8211; eine Trennung von K\u00e4tzchen aus einem Wurf macht erst in entsprechendem Alter und wenn die unterschiedlichen Charaktere zur Geltung kommen, Sinn.<\/p><p>Sehr oft haben wir aber auch Katzen, die z.B. mit der gro\u00dfen Menge von Artgenossen in der Station nicht klarkommen und dort deshalb ungesundem Stress ausgesetzt sind oder die einfach (z.B. als ehemalige Wohnungskatzen, die um ihren verstorbenen Halter trauern) eine Bezugsperson brauchen, die sich mit ihr besch\u00e4ftigt (schmusen, spielen, sprechen). Das gilt auch f\u00fcr zur\u00fcckhaltende\/scheue Samtpfoten, die in einem tempor\u00e4ren Zuhause mit kontinuierlichem menschlichen Kontakt wesentlich schneller ihre Sch\u00fcchternheit ablegen k\u00f6nnten, wodurch sich ihre Vermittlungschancen deutlich verbessern w\u00fcrden.<br \/>Sie sehen also: Nicht nur erfahrene Katzenbesitzer sind als &#8220;Pflegestelle&#8221; geeignet. Auch f\u00fcr Menschen, die vielleicht schon mit dem Gedanken gespielt haben, sich einen Stubentiger ins Haus zu holen, aber nicht gleich ins kalte Wasser springen und die Verantwortung f\u00fcr ein (oft bis zu 2 Jahrzehnte andauerndes) Katzenleben \u00fcbernehmen m\u00f6chten, ist das eine tolle M\u00f6glichkeit, ihr Leben zu bereichern. <br \/>Und sp\u00e4testens, wenn sich Ihr &#8220;Pflegling&#8221; nach der Eingew\u00f6hnungsphase wohlig schnurrend auf Ihrem Scho\u00df zusammenrollt oder Sie t\u00e4glich die Fortschritte im Vertrauensaufbau erleben, werden Sie diese Erfahrung nicht mehr missen m\u00f6chten.<br \/>In den meisten F\u00e4llen beschr\u00e4nkt sich die &#8220;Pflege&#8221; also einfach auf die Besch\u00e4ftigung mit dem Tier, sowie nat\u00fcrlich die F\u00fctterung und Reinigung der Toilette.<br \/>Bei Bedarf k\u00f6nnen auch Kratzbaum, N\u00e4pfe, Katzenklo, sowie Futter und Streu gestellt werden, so dass sichergestellt ist, dass es nicht an den Kosten scheitert. Sollte die Katze krank werden, erfolgt die Behandlung bei den mit uns zusammenarbeitenden Tier\u00e4rzten und die Kosten hierf\u00fcr werden nat\u00fcrlich von uns \u00fcbernommen. Sollte sich wider Erwarten herausstellen, dass die Chemie zwischen Ihnen und dem Tier nicht stimmt oder sich etwas an Ihrer Lebenssituation ver\u00e4ndern (bspw. Umzug), wodurch eine Fortf\u00fchrung der Pflegestellent\u00e4tigkeit nicht mehr m\u00f6glich ist, nehmen wir die Katze selbstverst\u00e4ndlich wieder bei uns auf bzw. versuchen ggf. sie auf einer anderen Pflegestelle unterzubringen.<\/p><p>Es w\u00e4re sch\u00f6n, wenn eines dieser bedauernswerten Wesen bis zu seiner Vermittlung bei Ihnen vor\u00fcbergehend ein liebevolles Zuhause finden w\u00fcrde. Dieses Tier wird es Ihnen tausendfach danken.<\/p><p><strong>Wir sind auf ihre Hilfe angewiesen! Sie k\u00f6nnen unsere Arbeit unterst\u00fctzen, indem Sie sich als Pflegestelle zur Verf\u00fcgung stellen.<\/strong><\/p><p>Gerne stehen wir Ihnen f\u00fcr weitere Informationen zur Verf\u00fcgung.<\/p>\t\t\t\t\t\t\t\t<\/div>\n\t\t\t\t<\/div>\n\t\t\t\t\t<\/div>\n\t\t<\/div>\n\t\t\t\t\t<\/div>\n\t\t<\/section>\n\t\t\t\t<section class=\"elementor-section elementor-top-section elementor-element elementor-element-1a7f87c4 elementor-section-boxed elementor-section-height-default elementor-section-height-default\" data-id=\"1a7f87c4\" data-element_type=\"section\" data-settings=\"{&quot;background_background&quot;:&quot;classic&quot;}\">\n\t\t\t\t\t\t<div class=\"elementor-container elementor-column-gap-default\">\n\t\t\t\t\t<div class=\"elementor-column elementor-col-33 elementor-top-column elementor-element elementor-element-1780fb63\" data-id=\"1780fb63\" data-element_type=\"column\">\n\t\t\t<div class=\"elementor-widget-wrap elementor-element-populated\">\n\t\t\t\t\t\t<div class=\"elementor-element elementor-element-4928b373 elementor-widget elementor-widget-text-editor\" data-id=\"4928b373\" data-element_type=\"widget\" data-widget_type=\"text-editor.default\">\n\t\t\t\t<div class=\"elementor-widget-container\">\n\t\t\t\t\t\t\t\t\t<p>RespekTiere Meran EO \u2013 Tierschutzverein<\/p><p>Obertall 69 \u2013 39017 Schenna<\/p><p>StNr.: 91061680210<\/p><p>IBAN: IT 53 S 08234 58880 000300249602<\/p><p>BIC: RZSBIT21014<\/p><p>info@respektiere.it<\/p><p>Sandra: 3421652470<\/p><p>Veronika: 3387321698<\/p>\t\t\t\t\t\t\t\t<\/div>\n\t\t\t\t<\/div>\n\t\t\t\t\t<\/div>\n\t\t<\/div>\n\t\t\t\t<div class=\"elementor-column elementor-col-33 elementor-top-column elementor-element elementor-element-153e2ce5\" data-id=\"153e2ce5\" data-element_type=\"column\">\n\t\t\t<div class=\"elementor-widget-wrap elementor-element-populated\">\n\t\t\t\t\t\t<div class=\"elementor-element elementor-element-9c37f78 elementor-widget elementor-widget-text-editor\" data-id=\"9c37f78\" data-element_type=\"widget\" data-widget_type=\"text-editor.default\">\n\t\t\t\t<div class=\"elementor-widget-container\">\n\t\t\t\t\t\t\t\t\t<p><a href=\"https:\/\/loony75.lima-city.de\/spenden\/\">Spenden<\/a><\/p><p><a href=\"https:\/\/loony75.lima-city.de\/sponsorwerden\/\">Sponsor werden<\/a><\/p><p><a href=\"https:\/\/loony75.lima-city.de\/tipps-fuer-tierhalter\/\">Tipps f\u00fcr Tierhalter<\/a><\/p><p><a href=\"https:\/\/loony75.lima-city.de\/datenschutzerklaerung\/\">Datenschutz<\/a><\/p><p><a href=\"https:\/\/loony75.lima-city.de\/impressum\/\">Impressum<\/a><\/p>\t\t\t\t\t\t\t\t<\/div>\n\t\t\t\t<\/div>\n\t\t\t\t\t<\/div>\n\t\t<\/div>\n\t\t\t\t<div class=\"elementor-column elementor-col-33 elementor-top-column elementor-element elementor-element-360249cc\" data-id=\"360249cc\" data-element_type=\"column\">\n\t\t\t<div class=\"elementor-widget-wrap elementor-element-populated\">\n\t\t\t\t\t\t<div class=\"elementor-element elementor-element-3ccdc798 elementor-shape-rounded elementor-grid-0 e-grid-align-center elementor-widget elementor-widget-social-icons\" data-id=\"3ccdc798\" data-element_type=\"widget\" data-widget_type=\"social-icons.default\">\n\t\t\t\t<div class=\"elementor-widget-container\">\n\t\t\t\t\t\t\t<div class=\"elementor-social-icons-wrapper elementor-grid\">\n\t\t\t\t\t\t\t<span class=\"elementor-grid-item\">\n\t\t\t\t\t<a class=\"elementor-icon elementor-social-icon elementor-social-icon-facebook elementor-repeater-item-5ac1f61\" target=\"_blank\">\n\t\t\t\t\t\t<span class=\"elementor-screen-only\">Facebook<\/span>\n\t\t\t\t\t\t<i class=\"fab fa-facebook\"><\/i>\t\t\t\t\t<\/a>\n\t\t\t\t<\/span>\n\t\t\t\t\t<\/div>\n\t\t\t\t\t\t<\/div>\n\t\t\t\t<\/div>\n\t\t\t\t\t<\/div>\n\t\t<\/div>\n\t\t\t\t\t<\/div>\n\t\t<\/section>\n\t\t\t\t<\/div>\n\t\t","protected":false},"excerpt":{"rendered":"<p>DOSEN\u00d6FFNER AUF ZEIT GESUCHT&#8230; &#8230;WIE FUNKTIONIERT EINE &#8220;PFLEGESTELLE&#8221; Pflegestellen &#8211; schenken Sie ein Zuhause auf Zeit Aufgrund der enormen (und leider kontinuierlich weiter steigenden) Anzahl an Katzen, die unserer Hilfe bed\u00fcrfen und sich bei uns befinden, suchen wir st\u00e4ndig Pflegestellen. Wie das genau funktioniert, was das bedeutet und warum das f\u00fcr alle Beteiligten eine gute [&hellip;]<\/p>\n","protected":false},"author":1,"featured_media":0,"parent":0,"menu_order":0,"comment_status":"closed","ping_status":"closed","template":"","meta":{"ocean_post_layout":"full-screen","ocean_both_sidebars_style":"","ocean_both_sidebars_content_width":0,"ocean_both_sidebars_sidebars_width":0,"ocean_sidebar":"0","ocean_second_sidebar":"0","ocean_disable_margins":"enable","ocean_add_body_class":"","ocean_shortcode_before_top_bar":"","ocean_shortcode_after_top_bar":"","ocean_shortcode_before_header":"","ocean_shortcode_after_header":"","ocean_has_shortcode":"","ocean_shortcode_after_title":"","ocean_shortcode_before_footer_widgets":"","ocean_shortcode_after_footer_widgets":"","ocean_shortcode_before_footer_bottom":"","ocean_shortcode_after_footer_bottom":"","ocean_display_top_bar":"off","ocean_display_header":"default","ocean_header_style":"","ocean_center_header_left_menu":"0","ocean_custom_header_template":"0","ocean_custom_logo":0,"ocean_custom_retina_logo":0,"ocean_custom_logo_max_width":0,"ocean_custom_logo_tablet_max_width":0,"ocean_custom_logo_mobile_max_width":0,"ocean_custom_logo_max_height":0,"ocean_custom_logo_tablet_max_height":0,"ocean_custom_logo_mobile_max_height":0,"ocean_header_custom_menu":"0","ocean_menu_typo_font_family":"0","ocean_menu_typo_font_subset":"","ocean_menu_typo_font_size":0,"ocean_menu_typo_font_size_tablet":0,"ocean_menu_typo_font_size_mobile":0,"ocean_menu_typo_font_size_unit":"px","ocean_menu_typo_font_weight":"","ocean_menu_typo_font_weight_tablet":"","ocean_menu_typo_font_weight_mobile":"","ocean_menu_typo_transform":"","ocean_menu_typo_transform_tablet":"","ocean_menu_typo_transform_mobile":"","ocean_menu_typo_line_height":0,"ocean_menu_typo_line_height_tablet":0,"ocean_menu_typo_line_height_mobile":0,"ocean_menu_typo_line_height_unit":"","ocean_menu_typo_spacing":0,"ocean_menu_typo_spacing_tablet":0,"ocean_menu_typo_spacing_mobile":0,"ocean_menu_typo_spacing_unit":"","ocean_menu_link_color":"","ocean_menu_link_color_hover":"","ocean_menu_link_color_active":"","ocean_menu_link_background":"","ocean_menu_link_hover_background":"","ocean_menu_link_active_background":"","ocean_menu_social_links_bg":"","ocean_menu_social_hover_links_bg":"","ocean_menu_social_links_color":"","ocean_menu_social_hover_links_color":"","ocean_disable_title":"on","ocean_disable_heading":"default","ocean_post_title":"","ocean_post_subheading":"","ocean_post_title_style":"","ocean_post_title_background_color":"","ocean_post_title_background":0,"ocean_post_title_bg_image_position":"","ocean_post_title_bg_image_attachment":"","ocean_post_title_bg_image_repeat":"","ocean_post_title_bg_image_size":"","ocean_post_title_height":0,"ocean_post_title_bg_overlay":0.5,"ocean_post_title_bg_overlay_color":"","ocean_disable_breadcrumbs":"default","ocean_breadcrumbs_color":"","ocean_breadcrumbs_separator_color":"","ocean_breadcrumbs_links_color":"","ocean_breadcrumbs_links_hover_color":"","ocean_display_footer_widgets":"off","ocean_display_footer_bottom":"off","ocean_custom_footer_template":"0","footnotes":""},"class_list":["post-393","page","type-page","status-publish","hentry","entry"],"translation":{"provider":"WPGlobus","version":"3.0.0","language":"it","enabled_languages":["de","it"],"languages":{"de":{"title":true,"content":true,"excerpt":false},"it":{"title":false,"content":false,"excerpt":false}}},"_links":{"self":[{"href":"https:\/\/www.respektiere.it\/it\/wp-json\/wp\/v2\/pages\/393","targetHints":{"allow":["GET"]}}],"collection":[{"href":"https:\/\/www.respektiere.it\/it\/wp-json\/wp\/v2\/pages"}],"about":[{"href":"https:\/\/www.respektiere.it\/it\/wp-json\/wp\/v2\/types\/page"}],"author":[{"embeddable":true,"href":"https:\/\/www.respektiere.it\/it\/wp-json\/wp\/v2\/users\/1"}],"replies":[{"embeddable":true,"href":"https:\/\/www.respektiere.it\/it\/wp-json\/wp\/v2\/comments?post=393"}],"version-history":[{"count":22,"href":"https:\/\/www.respektiere.it\/it\/wp-json\/wp\/v2\/pages\/393\/revisions"}],"predecessor-version":[{"id":809,"href":"https:\/\/www.respektiere.it\/it\/wp-json\/wp\/v2\/pages\/393\/revisions\/809"}],"wp:attachment":[{"href":"https:\/\/www.respektiere.it\/it\/wp-json\/wp\/v2\/media?parent=393"}],"curies":[{"name":"wp","href":"https:\/\/api.w.org\/{rel}","templated":true}]}}