{"id":3,"date":"2021-02-10T09:15:47","date_gmt":"2021-02-10T08:15:47","guid":{"rendered":"https:\/\/loony75.lima-city.de\/?page_id=3"},"modified":"2024-12-18T15:10:48","modified_gmt":"2024-12-18T14:10:48","slug":"datenschutzerklaerung","status":"publish","type":"page","link":"https:\/\/www.respektiere.it\/it\/datenschutzerklaerung\/","title":{"rendered":"Datenschutzerkl\u00e4rung"},"content":{"rendered":"\t\t<div data-elementor-type=\"wp-page\" data-elementor-id=\"3\" class=\"elementor elementor-3\">\n\t\t\t\t\t\t<section class=\"elementor-section elementor-top-section elementor-element elementor-element-43d44447 elementor-section-height-min-height elementor-section-boxed elementor-section-height-default elementor-section-items-middle\" data-id=\"43d44447\" data-element_type=\"section\" data-settings=\"{&quot;background_background&quot;:&quot;classic&quot;,&quot;shape_divider_bottom&quot;:&quot;opacity-tilt&quot;}\">\n\t\t\t\t\t<div class=\"elementor-shape elementor-shape-bottom\" data-negative=\"false\">\n\t\t\t<svg xmlns=\"http:\/\/www.w3.org\/2000\/svg\" viewBox=\"0 0 2600 131.1\" preserveAspectRatio=\"none\">\n\t<path class=\"elementor-shape-fill\" d=\"M0 0L2600 0 2600 69.1 0 0z\"\/>\n\t<path class=\"elementor-shape-fill\" style=\"opacity:0.5\" d=\"M0 0L2600 0 2600 69.1 0 69.1z\"\/>\n\t<path class=\"elementor-shape-fill\" style=\"opacity:0.25\" d=\"M2600 0L0 0 0 130.1 2600 69.1z\"\/>\n<\/svg>\t\t<\/div>\n\t\t\t\t\t<div class=\"elementor-container elementor-column-gap-default\">\n\t\t\t\t\t<div class=\"elementor-column elementor-col-100 elementor-top-column elementor-element elementor-element-ccbbdd6\" data-id=\"ccbbdd6\" data-element_type=\"column\">\n\t\t\t<div class=\"elementor-widget-wrap elementor-element-populated\">\n\t\t\t\t\t\t<div class=\"elementor-element elementor-element-2f2ef28 elementor-widget elementor-widget-heading\" data-id=\"2f2ef28\" data-element_type=\"widget\" data-widget_type=\"heading.default\">\n\t\t\t\t<div class=\"elementor-widget-container\">\n\t\t\t\t\t<h2 class=\"elementor-heading-title elementor-size-medium\">Datenschutzerkl\u00e4rung<\/h2>\t\t\t\t<\/div>\n\t\t\t\t<\/div>\n\t\t\t\t\t<\/div>\n\t\t<\/div>\n\t\t\t\t\t<\/div>\n\t\t<\/section>\n\t\t\t\t<section class=\"elementor-section elementor-top-section elementor-element elementor-element-4a273675 elementor-section-boxed elementor-section-height-default elementor-section-height-default\" data-id=\"4a273675\" data-element_type=\"section\">\n\t\t\t\t\t\t<div class=\"elementor-container elementor-column-gap-default\">\n\t\t\t\t\t<div class=\"elementor-column elementor-col-100 elementor-top-column elementor-element elementor-element-c748c74\" data-id=\"c748c74\" data-element_type=\"column\">\n\t\t\t<div class=\"elementor-widget-wrap elementor-element-populated\">\n\t\t\t\t\t\t<div class=\"elementor-element elementor-element-720d0a5f elementor-widget elementor-widget-text-editor\" data-id=\"720d0a5f\" data-element_type=\"widget\" data-widget_type=\"text-editor.default\">\n\t\t\t\t<div class=\"elementor-widget-container\">\n\t\t\t\t\t\t\t\t\t<p><\/p>\n<h2 class=\"wp-block-heading\">Wer wir sind<\/h2>\n<p><\/p>\n<p>Die Adresse unserer Website ist: https:\/\/www.respektiere.it<\/p>\n<p><\/p>\n<h2 class=\"wp-block-heading\">Welche personenbezogenen Daten wir sammeln und warum wir sie sammeln<\/h2>\n<p><\/p>\n<p>\u00a0<\/p>\n<p>der \u201eTierschutzverein RespekTiere Meran\u201c, m\u00f6chte Sie hiermit dar\u00fcber informieren, dass die von Ihnen gelieferten pers\u00f6nlichen Daten in \u00dcbereinstimmung mit den Grunds\u00e4tzen der Rechtm\u00e4\u00dfigkeit, der Korrektheit und der Nicht\u00fcberschreitung verarbeitet werden. Die Daten werden zur Ausf\u00fchrung Ihrer Eintragung in die Mitgliedschaft verwendet. F\u00fcr diesen Zweck ist die \u00dcbermittlung der Daten\u00a0 obligatorisch; bei einer Nichtzustimmung der Verwendung der Daten ist eine Mitgliedschaft oder deren Fortsetzung nicht m\u00f6glich.<\/p>\n<p>\u00a0<\/p>\n<p>Die pers\u00f6nlichen Daten k\u00f6nnen auch zum Versand von Informationen\u00a0 und Rundschreiben des Vereines verwendet werden. Die Mitteilung der Daten f\u00fcr diese Zwecke ist freiwillig; die fehlende Zustimmung\u00a0 zu diesen Datenverarbeitungen wird keine Folge haben.<\/p>\n<p>\u00a0<\/p>\n<p>Besondere personenbezogene Daten werden nicht verarbeitet.<\/p>\n<p>\u00a0<\/p>\n<p>Die gesammelten Daten k\u00f6nnen, in Aus\u00fcbung der Vereinst\u00e4tigkeit, zur Durchf\u00fchrung der notwendigen\u00a0 Verarbeitungsvorg\u00e4nge an den Steuerberater, sowie an den verantwortlichen der Datenverarbeitung, der als Auftragsverarbeiter ernannt wurde, \u00fcbermittelt werden. Die \u00dcbermittlung der Daten ist obligatorisch und die Nicht\u00fcbermittlung bedeutet, dass die Mitgliedschaft nicht ausgef\u00fchrt werden kann.<\/p>\n<p>\u00a0<\/p>\n<p>Ihre Daten werden in keinem Falle an Dritte, die nicht im Zusammenhang mit der Vereinst\u00e4tigkeit stehen, \u00fcbermittelt oder mitgeteilt.<\/p>\n<p>\u00a0<\/p>\n<p>Die uns zur Verf\u00fcgung gestellten Daten werden f\u00fcr die Zeit der Mitgliedschaft aufbewahrt, in \u00dcbereinstimmung\u00a0 mit den\u00a0 gesetzlich\u00a0 vorgeschriebenen\u00a0 Aufbewahrungszeiten der Daten und Dokumente.<\/p>\n<p>\u00a0<\/p>\n<p>Wir informieren Sie, dass die Daten keiner automatisierten Verarbeitung unterworfen sind.<\/p>\n<p>\u00a0<\/p>\n<p>Der Verantwortliche f\u00fcr die Datenverarbeitung ist der \u201eTierschutzverein RespekTiere Meran\u201c mit Sitz in 39017 Schenna, Obertall 69.<\/p>\n<p>Sie k\u00f6nnen den Verantwortlichen f\u00fcr die Datenverarbeitung unter der Telefonnummer +393421652470 oder unter der E-Mail-Adresse respektiere.meran@gmail.com kontaktieren.<\/p>\n<p>\u00a0<\/p>\n<p>Wir weisen Sie au\u00dferdem darauf hin, dass Sie jederzeit Ihre Rechte geltend machen k\u00f6nnen, indem Sie den Verantwortlichen f\u00fcr die Datenverarbeitung\u00a0 auffordern, auf die Daten zuzugreifen, oder deren L\u00f6schung, Berichtigung oder Einschr\u00e4nkung der Verarbeitung zu beantragen. Sie haben auch das Recht, sich an die Aufsichtsbeh\u00f6rde zu wenden, wenn Sie der Ansicht sind, dass Ihre Daten rechtswidrig oder nicht ordnungsgem\u00e4\u00df verarbeitet wurden.<\/p>\n<p>\u00a0<\/p>\n<p><\/p>\n<p>www.respektiere.it<\/p>\t\t\t\t\t\t\t\t<\/div>\n\t\t\t\t<\/div>\n\t\t\t\t\t<\/div>\n\t\t<\/div>\n\t\t\t\t\t<\/div>\n\t\t<\/section>\n\t\t\t\t<section class=\"elementor-section elementor-top-section elementor-element elementor-element-404e032b elementor-section-boxed elementor-section-height-default elementor-section-height-default\" data-id=\"404e032b\" data-element_type=\"section\" data-settings=\"{&quot;background_background&quot;:&quot;classic&quot;}\">\n\t\t\t\t\t\t<div class=\"elementor-container elementor-column-gap-default\">\n\t\t\t\t\t<div class=\"elementor-column elementor-col-33 elementor-top-column elementor-element elementor-element-268d507f\" data-id=\"268d507f\" data-element_type=\"column\">\n\t\t\t<div class=\"elementor-widget-wrap elementor-element-populated\">\n\t\t\t\t\t\t<div class=\"elementor-element elementor-element-56a5e7c1 elementor-widget elementor-widget-text-editor\" data-id=\"56a5e7c1\" data-element_type=\"widget\" data-widget_type=\"text-editor.default\">\n\t\t\t\t<div class=\"elementor-widget-container\">\n\t\t\t\t\t\t\t\t\t<p>RespekTiere Meran EO \u2013<\/p>\n<p>Tierschutzverein<\/p>\n<p>Obertall\u00a0 69 \u2013 39017<\/p>\n<p>Schenna<\/p>\n<p>StNr.: 91061680210<\/p>\n<p>IBAN:<\/p>\n<p>IT 53 S 08234 58880 000300249602<\/p>\n<p>BIC: RZSBIT21014<\/p>\n<p>info@respektiere.it<\/p>\n<p>Sandra: 3421652470<\/p>\n<p>Veronika: 3387321698<\/p>\t\t\t\t\t\t\t\t<\/div>\n\t\t\t\t<\/div>\n\t\t\t\t\t<\/div>\n\t\t<\/div>\n\t\t\t\t<div class=\"elementor-column elementor-col-33 elementor-top-column elementor-element elementor-element-39d1c622\" data-id=\"39d1c622\" data-element_type=\"column\">\n\t\t\t<div class=\"elementor-widget-wrap elementor-element-populated\">\n\t\t\t\t\t\t<div class=\"elementor-element elementor-element-66191304 elementor-widget elementor-widget-text-editor\" data-id=\"66191304\" data-element_type=\"widget\" data-widget_type=\"text-editor.default\">\n\t\t\t\t<div class=\"elementor-widget-container\">\n\t\t\t\t\t\t\t\t\t<p><a href=\"https:\/\/loony75.lima-city.de\/spenden\/\">Spenden<\/a><\/p><p><a href=\"https:\/\/loony75.lima-city.de\/sponsorwerden\/\">Sponsor werden<\/a><\/p><p><a href=\"https:\/\/loony75.lima-city.de\/tipps-fuer-tierhalter\/\">Tipps f\u00fcr Tierhalter<\/a><\/p><p><a href=\"https:\/\/loony75.lima-city.de\/datenschutzerklaerung\/\">Datenschutz<\/a><\/p><p><a href=\"https:\/\/loony75.lima-city.de\/impressum\/\">Impressum<\/a><\/p>\t\t\t\t\t\t\t\t<\/div>\n\t\t\t\t<\/div>\n\t\t\t\t\t<\/div>\n\t\t<\/div>\n\t\t\t\t<div class=\"elementor-column elementor-col-33 elementor-top-column elementor-element elementor-element-b4dc0cd\" data-id=\"b4dc0cd\" data-element_type=\"column\">\n\t\t\t<div class=\"elementor-widget-wrap elementor-element-populated\">\n\t\t\t\t\t\t<div class=\"elementor-element elementor-element-26465755 elementor-shape-rounded elementor-grid-0 e-grid-align-center elementor-widget elementor-widget-social-icons\" data-id=\"26465755\" data-element_type=\"widget\" data-widget_type=\"social-icons.default\">\n\t\t\t\t<div class=\"elementor-widget-container\">\n\t\t\t\t\t\t\t<div class=\"elementor-social-icons-wrapper elementor-grid\">\n\t\t\t\t\t\t\t<span class=\"elementor-grid-item\">\n\t\t\t\t\t<a class=\"elementor-icon elementor-social-icon elementor-social-icon-facebook elementor-repeater-item-5ac1f61\" target=\"_blank\">\n\t\t\t\t\t\t<span class=\"elementor-screen-only\">Facebook<\/span>\n\t\t\t\t\t\t<i class=\"fab fa-facebook\"><\/i>\t\t\t\t\t<\/a>\n\t\t\t\t<\/span>\n\t\t\t\t\t<\/div>\n\t\t\t\t\t\t<\/div>\n\t\t\t\t<\/div>\n\t\t\t\t\t<\/div>\n\t\t<\/div>\n\t\t\t\t\t<\/div>\n\t\t<\/section>\n\t\t\t\t<\/div>\n\t\t","protected":false},"excerpt":{"rendered":"<p>Datenschutzerkl\u00e4rung Wer wir sind Die Adresse unserer Website ist: https:\/\/www.respektiere.it Welche personenbezogenen Daten wir sammeln und warum wir sie sammeln \u00a0 der \u201eTierschutzverein RespekTiere Meran\u201c, m\u00f6chte Sie hiermit dar\u00fcber informieren, dass die von Ihnen gelieferten pers\u00f6nlichen Daten in \u00dcbereinstimmung mit den Grunds\u00e4tzen der Rechtm\u00e4\u00dfigkeit, der Korrektheit und der Nicht\u00fcberschreitung verarbeitet werden. Die Daten werden zur [&hellip;]<\/p>\n","protected":false},"author":1,"featured_media":0,"parent":0,"menu_order":0,"comment_status":"closed","ping_status":"open","template":"","meta":{"ocean_post_layout":"full-screen","ocean_both_sidebars_style":"","ocean_both_sidebars_content_width":0,"ocean_both_sidebars_sidebars_width":0,"ocean_sidebar":"0","ocean_second_sidebar":"0","ocean_disable_margins":"enable","ocean_add_body_class":"","ocean_shortcode_before_top_bar":"","ocean_shortcode_after_top_bar":"","ocean_shortcode_before_header":"","ocean_shortcode_after_header":"","ocean_has_shortcode":"","ocean_shortcode_after_title":"","ocean_shortcode_before_footer_widgets":"","ocean_shortcode_after_footer_widgets":"","ocean_shortcode_before_footer_bottom":"","ocean_shortcode_after_footer_bottom":"","ocean_display_top_bar":"off","ocean_display_header":"default","ocean_header_style":"","ocean_center_header_left_menu":"0","ocean_custom_header_template":"0","ocean_custom_logo":0,"ocean_custom_retina_logo":0,"ocean_custom_logo_max_width":0,"ocean_custom_logo_tablet_max_width":0,"ocean_custom_logo_mobile_max_width":0,"ocean_custom_logo_max_height":0,"ocean_custom_logo_tablet_max_height":0,"ocean_custom_logo_mobile_max_height":0,"ocean_header_custom_menu":"0","ocean_menu_typo_font_family":"0","ocean_menu_typo_font_subset":"","ocean_menu_typo_font_size":0,"ocean_menu_typo_font_size_tablet":0,"ocean_menu_typo_font_size_mobile":0,"ocean_menu_typo_font_size_unit":"px","ocean_menu_typo_font_weight":"","ocean_menu_typo_font_weight_tablet":"","ocean_menu_typo_font_weight_mobile":"","ocean_menu_typo_transform":"","ocean_menu_typo_transform_tablet":"","ocean_menu_typo_transform_mobile":"","ocean_menu_typo_line_height":0,"ocean_menu_typo_line_height_tablet":0,"ocean_menu_typo_line_height_mobile":0,"ocean_menu_typo_line_height_unit":"","ocean_menu_typo_spacing":0,"ocean_menu_typo_spacing_tablet":0,"ocean_menu_typo_spacing_mobile":0,"ocean_menu_typo_spacing_unit":"","ocean_menu_link_color":"","ocean_menu_link_color_hover":"","ocean_menu_link_color_active":"","ocean_menu_link_background":"","ocean_menu_link_hover_background":"","ocean_menu_link_active_background":"","ocean_menu_social_links_bg":"","ocean_menu_social_hover_links_bg":"","ocean_menu_social_links_color":"","ocean_menu_social_hover_links_color":"","ocean_disable_title":"on","ocean_disable_heading":"default","ocean_post_title":"","ocean_post_subheading":"","ocean_post_title_style":"","ocean_post_title_background_color":"","ocean_post_title_background":0,"ocean_post_title_bg_image_position":"","ocean_post_title_bg_image_attachment":"","ocean_post_title_bg_image_repeat":"","ocean_post_title_bg_image_size":"","ocean_post_title_height":0,"ocean_post_title_bg_overlay":0.5,"ocean_post_title_bg_overlay_color":"","ocean_disable_breadcrumbs":"default","ocean_breadcrumbs_color":"","ocean_breadcrumbs_separator_color":"","ocean_breadcrumbs_links_color":"","ocean_breadcrumbs_links_hover_color":"","ocean_display_footer_widgets":"off","ocean_display_footer_bottom":"off","ocean_custom_footer_template":"0","footnotes":""},"class_list":["post-3","page","type-page","status-publish","hentry","entry"],"translation":{"provider":"WPGlobus","version":"3.0.0","language":"it","enabled_languages":["de","it"],"languages":{"de":{"title":true,"content":true,"excerpt":false},"it":{"title":false,"content":false,"excerpt":false}}},"_links":{"self":[{"href":"https:\/\/www.respektiere.it\/it\/wp-json\/wp\/v2\/pages\/3","targetHints":{"allow":["GET"]}}],"collection":[{"href":"https:\/\/www.respektiere.it\/it\/wp-json\/wp\/v2\/pages"}],"about":[{"href":"https:\/\/www.respektiere.it\/it\/wp-json\/wp\/v2\/types\/page"}],"author":[{"embeddable":true,"href":"https:\/\/www.respektiere.it\/it\/wp-json\/wp\/v2\/users\/1"}],"replies":[{"embeddable":true,"href":"https:\/\/www.respektiere.it\/it\/wp-json\/wp\/v2\/comments?post=3"}],"version-history":[{"count":28,"href":"https:\/\/www.respektiere.it\/it\/wp-json\/wp\/v2\/pages\/3\/revisions"}],"predecessor-version":[{"id":818,"href":"https:\/\/www.respektiere.it\/it\/wp-json\/wp\/v2\/pages\/3\/revisions\/818"}],"wp:attachment":[{"href":"https:\/\/www.respektiere.it\/it\/wp-json\/wp\/v2\/media?parent=3"}],"curies":[{"name":"wp","href":"https:\/\/api.w.org\/{rel}","templated":true}]}}