{"id":293,"date":"2021-02-11T17:24:50","date_gmt":"2021-02-11T16:24:50","guid":{"rendered":"https:\/\/loony75.lima-city.de\/?page_id=293"},"modified":"2024-12-18T15:06:39","modified_gmt":"2024-12-18T14:06:39","slug":"futterspenden","status":"publish","type":"page","link":"https:\/\/www.respektiere.it\/it\/futterspenden\/","title":{"rendered":"Futterspenden"},"content":{"rendered":"\t\t<div data-elementor-type=\"wp-page\" data-elementor-id=\"293\" class=\"elementor elementor-293\">\n\t\t\t\t\t\t<section class=\"elementor-section elementor-top-section elementor-element elementor-element-7722e913 elementor-section-height-min-height elementor-section-boxed elementor-section-height-default elementor-section-items-middle elementor-invisible\" data-id=\"7722e913\" data-element_type=\"section\" data-settings=\"{&quot;background_background&quot;:&quot;classic&quot;,&quot;shape_divider_bottom&quot;:&quot;opacity-tilt&quot;,&quot;animation&quot;:&quot;fadeIn&quot;}\">\n\t\t\t\t\t<div class=\"elementor-shape elementor-shape-bottom\" data-negative=\"false\">\n\t\t\t<svg xmlns=\"http:\/\/www.w3.org\/2000\/svg\" viewBox=\"0 0 2600 131.1\" preserveAspectRatio=\"none\">\n\t<path class=\"elementor-shape-fill\" d=\"M0 0L2600 0 2600 69.1 0 0z\"\/>\n\t<path class=\"elementor-shape-fill\" style=\"opacity:0.5\" d=\"M0 0L2600 0 2600 69.1 0 69.1z\"\/>\n\t<path class=\"elementor-shape-fill\" style=\"opacity:0.25\" d=\"M2600 0L0 0 0 130.1 2600 69.1z\"\/>\n<\/svg>\t\t<\/div>\n\t\t\t\t\t<div class=\"elementor-container elementor-column-gap-default\">\n\t\t\t\t\t<div class=\"elementor-column elementor-col-100 elementor-top-column elementor-element elementor-element-62b8b03f\" data-id=\"62b8b03f\" data-element_type=\"column\">\n\t\t\t<div class=\"elementor-widget-wrap elementor-element-populated\">\n\t\t\t\t\t\t<div class=\"elementor-element elementor-element-67045b12 elementor-widget elementor-widget-heading\" data-id=\"67045b12\" data-element_type=\"widget\" data-widget_type=\"heading.default\">\n\t\t\t\t<div class=\"elementor-widget-container\">\n\t\t\t\t\t<h2 class=\"elementor-heading-title elementor-size-medium\">Futterspenden<\/h2>\t\t\t\t<\/div>\n\t\t\t\t<\/div>\n\t\t\t\t\t<\/div>\n\t\t<\/div>\n\t\t\t\t\t<\/div>\n\t\t<\/section>\n\t\t\t\t<section class=\"elementor-section elementor-top-section elementor-element elementor-element-97a4d6e elementor-section-boxed elementor-section-height-default elementor-section-height-default\" data-id=\"97a4d6e\" data-element_type=\"section\">\n\t\t\t\t\t\t<div class=\"elementor-container elementor-column-gap-default\">\n\t\t\t\t\t<div class=\"elementor-column elementor-col-100 elementor-top-column elementor-element elementor-element-cb59fb7\" data-id=\"cb59fb7\" data-element_type=\"column\">\n\t\t\t<div class=\"elementor-widget-wrap elementor-element-populated\">\n\t\t\t\t\t\t<div class=\"elementor-element elementor-element-a41a725 elementor-widget elementor-widget-text-editor\" data-id=\"a41a725\" data-element_type=\"widget\" data-widget_type=\"text-editor.default\">\n\t\t\t\t<div class=\"elementor-widget-container\">\n\t\t\t\t\t\t\t\t\t<p><strong>FUTTERSPENDEN<\/strong><\/p><p>Auch \u00fcber Futter &#8211;\u00a0 oder Sachspenden (Decken, Kratzb\u00e4ume, Katzenspielzeug usw\u2026) freuen wir uns sehr . Wir verpflegen zahlreiche Katzenkolonien mit \u00fcber 200 freilebenden Katzen in den Gemeinden St.Leonhard in Passeier, Pfelders, Lana, Burgstall, Nals , Hafling, Schenna, Riffian, Meran und in Ulten freuen wir uns sehr.<\/p><p>Futterspenden k\u00f6nnen in den Gesch\u00e4ften ,DOGAT in Meran , ISOLA DIE TESORI in Lana und Meran (G\u00f6thestrasse) abgegeben werden.<\/p><p>Oder direkt bei uns:<\/p><p>Veronika (Meran) : \u00a03387321698<\/p><p>Renate (Marling): 3496723466<\/p><p>Daniela (Lana) : 3495086754<\/p><p>Tanja (Passeier): 3400802132<\/p><p>Auch suchen wir immer wieder gut erhaltene Flohmarktsachen.<\/p><p>Der Erl\u00f6s aus unseren Flohm\u00e4rkten kommt dem Verein zugute<\/p><p>Kontakt Flohmarkt: Brigitte : 3334385436<\/p><p><strong>UNSERE SPENDENBOXEN STANDORTE :<\/strong><\/p><p>P. R\u00f6sch Heimtierbedarf \u2013 Meran<\/p><p>Dogat Heimtierbedarf \u2013 Meran<\/p><p>B\u00e4ckerei Erb \u2013 E.Tottistr. \u2013 Meran<\/p><p>Naturalia Bioladen Meran<\/p><p>Bio Kistl \u2013 Obermais<\/p><p>Raumausstatter Haller \u2013 Meran<\/p><p>Isola die Tesori \u2013 Untermais<\/p><p>Fakie Shop \u2013 Meran<\/p><p>Cafe\u2018 Maria Theresia &#8211; Meran<\/p><p>G\u00e4rtnerei\/Blumen Gasser \u2013 Untermais<\/p><p>Tierloden \u2013 Lana<\/p><p>Isola die Tesori \u2013 Lana<\/p><p>Z\u00f6ggeler Bioladen \u2013 Lana<\/p><p>G\u00e4rtnerei Galanthus \u2013 Lana<\/p><p>Despar Tscholl \u2013 St.Martin in Pass.<\/p>\t\t\t\t\t\t\t\t<\/div>\n\t\t\t\t<\/div>\n\t\t\t\t\t<\/div>\n\t\t<\/div>\n\t\t\t\t\t<\/div>\n\t\t<\/section>\n\t\t\t\t<section class=\"elementor-section elementor-top-section elementor-element elementor-element-5454fab7 elementor-section-boxed elementor-section-height-default elementor-section-height-default\" data-id=\"5454fab7\" data-element_type=\"section\" data-settings=\"{&quot;background_background&quot;:&quot;classic&quot;}\">\n\t\t\t\t\t\t<div class=\"elementor-container elementor-column-gap-default\">\n\t\t\t\t\t<div class=\"elementor-column elementor-col-33 elementor-top-column elementor-element elementor-element-48726e88\" data-id=\"48726e88\" data-element_type=\"column\">\n\t\t\t<div class=\"elementor-widget-wrap elementor-element-populated\">\n\t\t\t\t\t\t<div class=\"elementor-element elementor-element-9aaee12 elementor-widget elementor-widget-text-editor\" data-id=\"9aaee12\" data-element_type=\"widget\" data-widget_type=\"text-editor.default\">\n\t\t\t\t<div class=\"elementor-widget-container\">\n\t\t\t\t\t\t\t\t\t<p>RespekTiere Meran EO \u2013 Tierschutzverein<\/p><p>Obertall 69 \u2013 39017 Schenna<\/p><p>StNr.: 91061680210<\/p><p>IBAN: IT 53 S 08234 58880 000300249602<\/p><p>BIC: RZSBIT21014<\/p><p>info@respektiere.it<\/p><p>Sandra: 3421652470<\/p><p>Veronika: 3387321698<\/p>\t\t\t\t\t\t\t\t<\/div>\n\t\t\t\t<\/div>\n\t\t\t\t\t<\/div>\n\t\t<\/div>\n\t\t\t\t<div class=\"elementor-column elementor-col-33 elementor-top-column elementor-element elementor-element-10e07bf9\" data-id=\"10e07bf9\" data-element_type=\"column\">\n\t\t\t<div class=\"elementor-widget-wrap elementor-element-populated\">\n\t\t\t\t\t\t<div class=\"elementor-element elementor-element-2863fb93 elementor-widget elementor-widget-text-editor\" data-id=\"2863fb93\" data-element_type=\"widget\" data-widget_type=\"text-editor.default\">\n\t\t\t\t<div class=\"elementor-widget-container\">\n\t\t\t\t\t\t\t\t\t<p><a href=\"https:\/\/loony75.lima-city.de\/spenden\/\">Spenden<\/a><\/p><p><a href=\"https:\/\/loony75.lima-city.de\/sponsorwerden\/\">Sponsor werden<\/a><\/p><p><a href=\"https:\/\/loony75.lima-city.de\/tipps-fuer-tierhalter\/\">Tipps f\u00fcr Tierhalter<\/a><\/p><p><a href=\"https:\/\/loony75.lima-city.de\/datenschutzerklaerung\/\">Datenschutz<\/a><\/p><p><a href=\"https:\/\/loony75.lima-city.de\/impressum\/\">Impressum<\/a><\/p>\t\t\t\t\t\t\t\t<\/div>\n\t\t\t\t<\/div>\n\t\t\t\t\t<\/div>\n\t\t<\/div>\n\t\t\t\t<div class=\"elementor-column elementor-col-33 elementor-top-column elementor-element elementor-element-7e78e5e1\" data-id=\"7e78e5e1\" data-element_type=\"column\">\n\t\t\t<div class=\"elementor-widget-wrap elementor-element-populated\">\n\t\t\t\t\t\t<div class=\"elementor-element elementor-element-4cbb2e14 elementor-shape-rounded elementor-grid-0 e-grid-align-center elementor-widget elementor-widget-social-icons\" data-id=\"4cbb2e14\" data-element_type=\"widget\" data-widget_type=\"social-icons.default\">\n\t\t\t\t<div class=\"elementor-widget-container\">\n\t\t\t\t\t\t\t<div class=\"elementor-social-icons-wrapper elementor-grid\">\n\t\t\t\t\t\t\t<span class=\"elementor-grid-item\">\n\t\t\t\t\t<a class=\"elementor-icon elementor-social-icon elementor-social-icon-facebook elementor-repeater-item-5ac1f61\" target=\"_blank\">\n\t\t\t\t\t\t<span class=\"elementor-screen-only\">Facebook<\/span>\n\t\t\t\t\t\t<i class=\"fab fa-facebook\"><\/i>\t\t\t\t\t<\/a>\n\t\t\t\t<\/span>\n\t\t\t\t\t<\/div>\n\t\t\t\t\t\t<\/div>\n\t\t\t\t<\/div>\n\t\t\t\t\t<\/div>\n\t\t<\/div>\n\t\t\t\t\t<\/div>\n\t\t<\/section>\n\t\t\t\t<\/div>\n\t\t","protected":false},"excerpt":{"rendered":"<p>Futterspenden FUTTERSPENDEN Auch \u00fcber Futter &#8211;\u00a0 oder Sachspenden (Decken, Kratzb\u00e4ume, Katzenspielzeug usw\u2026) freuen wir uns sehr . Wir verpflegen zahlreiche Katzenkolonien mit \u00fcber 200 freilebenden Katzen in den Gemeinden St.Leonhard in Passeier, Pfelders, Lana, Burgstall, Nals , Hafling, Schenna, Riffian, Meran und in Ulten freuen wir uns sehr. Futterspenden k\u00f6nnen in den Gesch\u00e4ften ,DOGAT in [&hellip;]<\/p>\n","protected":false},"author":1,"featured_media":0,"parent":0,"menu_order":0,"comment_status":"closed","ping_status":"closed","template":"","meta":{"ocean_post_layout":"full-screen","ocean_both_sidebars_style":"","ocean_both_sidebars_content_width":0,"ocean_both_sidebars_sidebars_width":0,"ocean_sidebar":"0","ocean_second_sidebar":"0","ocean_disable_margins":"enable","ocean_add_body_class":"","ocean_shortcode_before_top_bar":"","ocean_shortcode_after_top_bar":"","ocean_shortcode_before_header":"","ocean_shortcode_after_header":"","ocean_has_shortcode":"","ocean_shortcode_after_title":"","ocean_shortcode_before_footer_widgets":"","ocean_shortcode_after_footer_widgets":"","ocean_shortcode_before_footer_bottom":"","ocean_shortcode_after_footer_bottom":"","ocean_display_top_bar":"off","ocean_display_header":"default","ocean_header_style":"","ocean_center_header_left_menu":"0","ocean_custom_header_template":"0","ocean_custom_logo":0,"ocean_custom_retina_logo":0,"ocean_custom_logo_max_width":0,"ocean_custom_logo_tablet_max_width":0,"ocean_custom_logo_mobile_max_width":0,"ocean_custom_logo_max_height":0,"ocean_custom_logo_tablet_max_height":0,"ocean_custom_logo_mobile_max_height":0,"ocean_header_custom_menu":"0","ocean_menu_typo_font_family":"0","ocean_menu_typo_font_subset":"","ocean_menu_typo_font_size":0,"ocean_menu_typo_font_size_tablet":0,"ocean_menu_typo_font_size_mobile":0,"ocean_menu_typo_font_size_unit":"px","ocean_menu_typo_font_weight":"","ocean_menu_typo_font_weight_tablet":"","ocean_menu_typo_font_weight_mobile":"","ocean_menu_typo_transform":"","ocean_menu_typo_transform_tablet":"","ocean_menu_typo_transform_mobile":"","ocean_menu_typo_line_height":0,"ocean_menu_typo_line_height_tablet":0,"ocean_menu_typo_line_height_mobile":0,"ocean_menu_typo_line_height_unit":"","ocean_menu_typo_spacing":0,"ocean_menu_typo_spacing_tablet":0,"ocean_menu_typo_spacing_mobile":0,"ocean_menu_typo_spacing_unit":"","ocean_menu_link_color":"","ocean_menu_link_color_hover":"","ocean_menu_link_color_active":"","ocean_menu_link_background":"","ocean_menu_link_hover_background":"","ocean_menu_link_active_background":"","ocean_menu_social_links_bg":"","ocean_menu_social_hover_links_bg":"","ocean_menu_social_links_color":"","ocean_menu_social_hover_links_color":"","ocean_disable_title":"on","ocean_disable_heading":"default","ocean_post_title":"","ocean_post_subheading":"","ocean_post_title_style":"","ocean_post_title_background_color":"","ocean_post_title_background":0,"ocean_post_title_bg_image_position":"","ocean_post_title_bg_image_attachment":"","ocean_post_title_bg_image_repeat":"","ocean_post_title_bg_image_size":"","ocean_post_title_height":0,"ocean_post_title_bg_overlay":0.5,"ocean_post_title_bg_overlay_color":"","ocean_disable_breadcrumbs":"default","ocean_breadcrumbs_color":"","ocean_breadcrumbs_separator_color":"","ocean_breadcrumbs_links_color":"","ocean_breadcrumbs_links_hover_color":"","ocean_display_footer_widgets":"off","ocean_display_footer_bottom":"off","ocean_custom_footer_template":"0","footnotes":""},"class_list":["post-293","page","type-page","status-publish","hentry","entry"],"translation":{"provider":"WPGlobus","version":"3.0.0","language":"it","enabled_languages":["de","it"],"languages":{"de":{"title":true,"content":true,"excerpt":false},"it":{"title":false,"content":false,"excerpt":false}}},"_links":{"self":[{"href":"https:\/\/www.respektiere.it\/it\/wp-json\/wp\/v2\/pages\/293","targetHints":{"allow":["GET"]}}],"collection":[{"href":"https:\/\/www.respektiere.it\/it\/wp-json\/wp\/v2\/pages"}],"about":[{"href":"https:\/\/www.respektiere.it\/it\/wp-json\/wp\/v2\/types\/page"}],"author":[{"embeddable":true,"href":"https:\/\/www.respektiere.it\/it\/wp-json\/wp\/v2\/users\/1"}],"replies":[{"embeddable":true,"href":"https:\/\/www.respektiere.it\/it\/wp-json\/wp\/v2\/comments?post=293"}],"version-history":[{"count":22,"href":"https:\/\/www.respektiere.it\/it\/wp-json\/wp\/v2\/pages\/293\/revisions"}],"predecessor-version":[{"id":806,"href":"https:\/\/www.respektiere.it\/it\/wp-json\/wp\/v2\/pages\/293\/revisions\/806"}],"wp:attachment":[{"href":"https:\/\/www.respektiere.it\/it\/wp-json\/wp\/v2\/media?parent=293"}],"curies":[{"name":"wp","href":"https:\/\/api.w.org\/{rel}","templated":true}]}}